{"id":22,"date":"2022-03-07T14:20:36","date_gmt":"2022-03-07T14:20:36","guid":{"rendered":"https:\/\/www.introotomotiv.com\/?page_id=22"},"modified":"2022-03-07T14:49:55","modified_gmt":"2022-03-07T14:49:55","slug":"contact","status":"publish","type":"page","link":"https:\/\/www.introotomotiv.com\/?page_id=22","title":{"rendered":"\u0130LET\u0130\u015e\u0130M"},"content":{"rendered":"<h3 class=\"contact-row contact-header\"><span id=\"cphMainContent_lblCompanyName\">\u0130NTRO OTOMOT\u0130V REKLAM B\u0130LG\u0130SAYAR TUR\u0130ZM E\u011e\u0130T\u0130M SAN. VE T\u0130C. LTD. \u015eT\u0130.<\/span><\/h3>\n<div class=\"contact-row\">\n<div class=\"contact-box contact-box-mini\">\n<div class=\"row\">\n<div class=\"column column-image\">\n<div class=\"image-wrapper\"><img loading=\"lazy\" class=\"wp-image-34 aligncenter\" src=\"https:\/\/www.introotomotiv.com\/wp-content\/uploads\/2022\/03\/intro-300x92.jpg\" alt=\"\" width=\"781\" height=\"240\" srcset=\"https:\/\/www.introotomotiv.com\/wp-content\/uploads\/2022\/03\/intro-300x92.jpg 300w, https:\/\/www.introotomotiv.com\/wp-content\/uploads\/2022\/03\/intro-1024x313.jpg 1024w, https:\/\/www.introotomotiv.com\/wp-content\/uploads\/2022\/03\/intro-768x235.jpg 768w, https:\/\/www.introotomotiv.com\/wp-content\/uploads\/2022\/03\/intro-1536x470.jpg 1536w, https:\/\/www.introotomotiv.com\/wp-content\/uploads\/2022\/03\/intro.jpg 1903w\" sizes=\"(max-width: 781px) 100vw, 781px\" \/><\/div>\n<\/div>\n<div class=\"column column-information\">\n<div class=\"row\">\n<div class=\"column column-heading\"><\/div>\n<\/div>\n<div class=\"row\">\n<div class=\"column column-heading\"><strong><span id=\"cphMainContent_rptContent_lblPhone1Text_0\">\u00a0 Telefon: <\/span><\/strong><span id=\"cphMainContent_rptContent_lblPhone_0\">(0216) 496 06 76<\/span><\/div>\n<\/div>\n<div class=\"row\">\n<div class=\"column column-heading\"><span id=\"cphMainContent_rptContent_lblFax_0\"><strong>\u00a0 \u015eirket Cep Telefonu:<\/strong> (0555) 858 94 33<\/span><\/div>\n<\/div>\n<div class=\"row\">\n<div class=\"column column-heading\"><strong><span id=\"cphMainContent_rptContent_lblAddressText_0\">\u00a0 Adres: <\/span><\/strong><span id=\"cphMainContent_rptContent_lblAddress_0\">Turgut Reis Mahallesi Fatih Bulvar\u0131 Mektep Sokak No:2\/2 34930 Sultanbeyli\/\u0130stanbul<\/span><\/div>\n<\/div>\n<div class=\"row\">\n<div class=\"column column-heading\"><strong><span id=\"cphMainContent_rptContent_lblEmail1Text_0\">\u00a0 E-Posta: <\/span><\/strong>info@introotomotiv.com<\/div>\n<\/div>\n<\/div>\n<\/div>\n<\/div>\n<\/div>\n","protected":false},"excerpt":{"rendered":"<p>\u0130NTRO OTOMOT\u0130V REKLAM B\u0130LG\u0130SAYAR TUR\u0130ZM E\u011e\u0130T\u0130M SAN. VE T\u0130C. LTD. \u015eT\u0130. \u00a0 Telefon: (0216) 496 06 76 \u00a0 \u015eirket Cep Telefonu: (0555) 858 94 33 \u00a0 Adres: Turgut Reis Mahallesi Fatih Bulvar\u0131 Mektep Sokak No:2\/2 34930 Sultanbeyli\/\u0130stanbul \u00a0 E-Posta: info@introotomotiv.com<\/p>\n","protected":false},"author":1,"featured_media":0,"parent":0,"menu_order":0,"comment_status":"closed","ping_status":"closed","template":"template\/template-contact.php","meta":[],"_links":{"self":[{"href":"https:\/\/www.introotomotiv.com\/index.php?rest_route=\/wp\/v2\/pages\/22"}],"collection":[{"href":"https:\/\/www.introotomotiv.com\/index.php?rest_route=\/wp\/v2\/pages"}],"about":[{"href":"https:\/\/www.introotomotiv.com\/index.php?rest_route=\/wp\/v2\/types\/page"}],"author":[{"embeddable":true,"href":"https:\/\/www.introotomotiv.com\/index.php?rest_route=\/wp\/v2\/users\/1"}],"replies":[{"embeddable":true,"href":"https:\/\/www.introotomotiv.com\/index.php?rest_route=%2Fwp%2Fv2%2Fcomments&post=22"}],"version-history":[{"count":3,"href":"https:\/\/www.introotomotiv.com\/index.php?rest_route=\/wp\/v2\/pages\/22\/revisions"}],"predecessor-version":[{"id":49,"href":"https:\/\/www.introotomotiv.com\/index.php?rest_route=\/wp\/v2\/pages\/22\/revisions\/49"}],"wp:attachment":[{"href":"https:\/\/www.introotomotiv.com\/index.php?rest_route=%2Fwp%2Fv2%2Fmedia&parent=22"}],"curies":[{"name":"wp","href":"https:\/\/api.w.org\/{rel}","templated":true}]}}